{"id":2,"date":"2009-01-20T09:10:28","date_gmt":"2009-01-20T15:10:28","guid":{"rendered":"http:\/\/senchadesign.com\/blog\/?page_id=2"},"modified":"2009-05-21T12:40:25","modified_gmt":"2009-05-21T11:40:25","slug":"informacion","status":"publish","type":"page","link":"https:\/\/senchadesign.com\/blog\/informacion\/","title":{"rendered":"Sobre Sencha"},"content":{"rendered":"<p><strong>\u00bfHay algo m\u00e1s emocionante que descubrir?<\/strong><\/p>\n<p>Sencha es un espacio creado para ir descubriendo.<\/p>\n<p>Nos encanta el dise\u00f1o en cualquiera de sus formas y aplicaciones. Queremos compartir nuestros descubrimientos, pero tambi\u00e9n queremos que este espacio se convierta en un punto de encuentro para compartir opiniones, conocimientos y muestras de trabajos de todos aquellos apasionados por cualquier aspecto del dise\u00f1o, ya sean creadores o espectadores.<\/p>\n<iframe src=\"http:\/\/www.facebook.com\/plugins\/like.php?href=https%3A%2F%2Fsenchadesign.com%2Fblog%2Finformacion%2F&amp;layout=standard&amp;show_faces=true&amp;width=450&amp;action=like&amp;colorscheme=light&amp;height=80\" scrolling=\"no\" frameborder=\"0\" style=\"border:none; overflow:hidden; width:450px; height:30px;\" allowTransparency=\"true\"><\/iframe>","protected":false},"excerpt":{"rendered":"<p>\u00bfHay algo m\u00e1s emocionante que descubrir? Sencha es un espacio creado para ir descubriendo. Nos encanta el dise\u00f1o en cualquiera de sus formas y aplicaciones. Queremos compartir nuestros descubrimientos, pero tambi\u00e9n queremos que este espacio se convierta en un punto de encuentro para compartir opiniones, conocimientos y muestras de trabajos de todos aquellos apasionados por [&hellip;]<\/p>\n","protected":false},"author":1,"featured_media":0,"parent":0,"menu_order":0,"comment_status":"open","ping_status":"closed","template":"","meta":[],"_links":{"self":[{"href":"https:\/\/senchadesign.com\/blog\/wp-json\/wp\/v2\/pages\/2"}],"collection":[{"href":"https:\/\/senchadesign.com\/blog\/wp-json\/wp\/v2\/pages"}],"about":[{"href":"https:\/\/senchadesign.com\/blog\/wp-json\/wp\/v2\/types\/page"}],"author":[{"embeddable":true,"href":"https:\/\/senchadesign.com\/blog\/wp-json\/wp\/v2\/users\/1"}],"replies":[{"embeddable":true,"href":"https:\/\/senchadesign.com\/blog\/wp-json\/wp\/v2\/comments?post=2"}],"version-history":[{"count":8,"href":"https:\/\/senchadesign.com\/blog\/wp-json\/wp\/v2\/pages\/2\/revisions"}],"predecessor-version":[{"id":3,"href":"https:\/\/senchadesign.com\/blog\/wp-json\/wp\/v2\/pages\/2\/revisions\/3"}],"wp:attachment":[{"href":"https:\/\/senchadesign.com\/blog\/wp-json\/wp\/v2\/media?parent=2"}],"curies":[{"name":"wp","href":"https:\/\/api.w.org\/{rel}","templated":true}]}}